{"id":30355,"date":"2017-02-16T09:13:19","date_gmt":"2017-02-16T08:13:19","guid":{"rendered":"https:\/\/servicesrotoplus.com\/inicio\/"},"modified":"2024-11-21T12:26:42","modified_gmt":"2024-11-21T11:26:42","slug":"inicio","status":"publish","type":"page","link":"https:\/\/servicesrotoplus.com\/es\/","title":{"rendered":"Inicio"},"content":{"rendered":"\t\t<div data-elementor-type=\"wp-page\" data-elementor-id=\"30355\" class=\"elementor elementor-30355 elementor-36\">\n\t\t\t\t<div class=\"elementor-element elementor-element-276aa889 e-flex e-con-boxed e-con e-parent\" data-id=\"276aa889\" data-element_type=\"container\" data-settings=\"{&quot;background_background&quot;:&quot;classic&quot;}\">\n\t\t\t\t\t<div class=\"e-con-inner\">\n\t\t\t\t<div class=\"elementor-element elementor-element-2088b8ca elementor-widget__width-inherit elementor-widget elementor-widget-heading\" data-id=\"2088b8ca\" data-element_type=\"widget\" data-widget_type=\"heading.default\">\n\t\t\t\t<div class=\"elementor-widget-container\">\n\t\t\t\t\t<h2 class=\"elementor-heading-title elementor-size-default\"><div>ROTATABLY YOURS<span><\/span><\/div><\/h2>\t\t\t\t<\/div>\n\t\t\t\t<\/div>\n\t\t\t\t\t<\/div>\n\t\t\t\t<\/div>\n\t\t<div class=\"elementor-element elementor-element-22c29ab4 e-flex e-con-boxed e-con e-parent\" data-id=\"22c29ab4\" data-element_type=\"container\" data-settings=\"{&quot;background_background&quot;:&quot;classic&quot;}\">\n\t\t\t\t\t<div class=\"e-con-inner\">\n\t\t\t\t\t<\/div>\n\t\t\t\t<\/div>\n\t\t<div class=\"elementor-element elementor-element-61b41145 e-flex e-con-boxed e-con e-parent\" data-id=\"61b41145\" data-element_type=\"container\" data-settings=\"{&quot;background_background&quot;:&quot;classic&quot;}\">\n\t\t\t\t\t<div class=\"e-con-inner\">\n\t\t\t\t<div class=\"elementor-element elementor-element-558a30e9 elementor-widget elementor-widget-text-editor\" data-id=\"558a30e9\" data-element_type=\"widget\" data-widget_type=\"text-editor.default\">\n\t\t\t\t<div class=\"elementor-widget-container\">\n\t\t\t\t\t\t\t\t\t<p><strong>Descubra nuestra NUEVA E-Shop: \u00a1La soluci\u00f3n ideal para sus piezas de repuesto Web Offset!<\/strong><\/p>\n<p>2024 marca un punto de inflexi\u00f3n para Services Roto Plus! Estamos orgullosos de anunciar la apertura de nuestro&nbsp;<b>E-Shop<\/b>&nbsp;dedicado a las piezas de recambio nuevas y usadas para las m\u00e1quinas de prensa Offset de bobina. Aqu\u00ed encontrar\u00e1 una amplia selecci\u00f3n de componentes cuidadosamente seleccionados para satisfacer todas sus necesidades de impresi\u00f3n.<\/p>\n<p><b>Nuevo o reacondicionado, \u00a1elige la inteligencia!<\/b><\/p>\n<p>Ofrecemos una amplia gama de piezas, tanto nuevas como usadas, todas rigurosamente probadas y reacondicionadas para garantizar la calidad y el rendimiento. \u00a1La oportunidad perfecta para optimizar sus costos de mantenimiento sin comprometer la confiabilidad!<\/p>\n<p><b style=\"font-size: 18px; letter-spacing: 0px; text-align: var(--text-align);\">\u00a1Ahorra de forma inteligente, respetando el planeta!<\/b><\/p>\n<p>Esta nueva oferta est\u00e1 totalmente en l\u00ednea con nuestra visi\u00f3n: ofrecerle soluciones que sean a la vez <b>econ\u00f3micas y ecol\u00f3gicas<\/b>. Con nuestra experiencia en reacondicionamiento y nuestro compromiso con la econom\u00eda circular, le permitimos prolongar la vida \u00fatil de sus m\u00e1quinas al tiempo que reduce su huella medioambiental.<\/p>\n<p><b>Un servicio que crece con vos<\/b><\/p>\n<p><span style=\"font-size: 18px; letter-spacing: 0px; text-align: var(--text-align);\">Siempre a su lado, seguimos ofreci\u00e9ndole un servicio de mantenimiento especializado y optimizado seg\u00fan sus necesidades. Hoy, con nuestro <b>amplio cat\u00e1logo de recambios<\/b>, vamos a\u00fan m\u00e1s lejos para ayudarlo a maximizar sus inversiones, mientras participamos activamente en un <b>ciclo virtuoso de reciclaje<\/b> en la industria gr\u00e1fica. <\/span><\/p>\n<p><b>\u00bfListo para mejorar su rendimiento?<\/b><\/p>\n<p>Visite nuestro E-Shop ahora y descubra c\u00f3mo Services Roto Plus puede ayudarle a reducir sus costes, prolongar la vida \u00fatil de sus equipos y contribuir a un futuro m\u00e1s sostenible.<\/p>\n<p><\/p>\t\t\t\t\t\t\t\t<\/div>\n\t\t\t\t<\/div>\n\t\t\t\t<div class=\"elementor-element elementor-element-31a9f4e1 elementor-align-center elementor-widget elementor-widget-button\" data-id=\"31a9f4e1\" data-element_type=\"widget\" data-widget_type=\"button.default\">\n\t\t\t\t<div class=\"elementor-widget-container\">\n\t\t\t\t\t\t\t\t\t<div class=\"elementor-button-wrapper\">\n\t\t\t\t\t<a class=\"elementor-button elementor-button-link elementor-size-md\" href=\"https:\/\/servicesrotoplus.com\/es\/tienda-electronica\/\">\n\t\t\t\t\t\t<span class=\"elementor-button-content-wrapper\">\n\t\t\t\t\t\t\t\t\t<span class=\"elementor-button-text\">E-SHOP SRP<\/span>\n\t\t\t\t\t<\/span>\n\t\t\t\t\t<\/a>\n\t\t\t\t<\/div>\n\t\t\t\t\t\t\t\t<\/div>\n\t\t\t\t<\/div>\n\t\t\t\t\t<\/div>\n\t\t\t\t<\/div>\n\t\t<div class=\"elementor-element elementor-element-5a8085ec e-con-full e-flex e-con e-parent\" data-id=\"5a8085ec\" data-element_type=\"container\" data-settings=\"{&quot;background_background&quot;:&quot;classic&quot;}\">\n\t\t\t\t<\/div>\n\t\t<div class=\"elementor-element elementor-element-481118cc e-flex e-con-boxed e-con e-parent\" data-id=\"481118cc\" data-element_type=\"container\" data-settings=\"{&quot;background_background&quot;:&quot;classic&quot;}\">\n\t\t\t\t\t<div class=\"e-con-inner\">\n\t\t\t\t<div class=\"elementor-element elementor-element-716c1393 elementor-widget elementor-widget-heading\" data-id=\"716c1393\" data-element_type=\"widget\" data-widget_type=\"heading.default\">\n\t\t\t\t<div class=\"elementor-widget-container\">\n\t\t\t\t\t<h2 class=\"elementor-heading-title elementor-size-default\"><b>ASESORAMIENTO SRP<\/b><\/h2>\t\t\t\t<\/div>\n\t\t\t\t<\/div>\n\t\t\t\t<div class=\"elementor-element elementor-element-4a5ba2d2 elementor-widget elementor-widget-text-editor\" data-id=\"4a5ba2d2\" data-element_type=\"widget\" data-widget_type=\"text-editor.default\">\n\t\t\t\t<div class=\"elementor-widget-container\">\n\t\t\t\t\t\t\t\t\t<p><span style=\"font-weight: 400;\"><strong>Services Roto Plus<\/strong> es una empresa innovadora fundada en 2016.<\/span><\/p><p><span style=\"font-weight: 400;\">Nuestra \u00e1rea de especializaci\u00f3n se centra en el mantenimiento especializado de m\u00e1quinas Offset de todo tipo, el suministro de piezas de recambio nuevas y usadas, as\u00ed como la realizaci\u00f3n de m\u00e1quinas especiales.<\/span><\/p><p><span style=\"font-weight: 400;\">Tambi\u00e9n somos reconocidos por nuestra capacidad para orquestar de manera eficiente el desmantelamiento, el transporte, el reensamblaje y la puesta en marcha de prensas de impresi\u00f3n usadas.<\/span><\/p><p><span style=\"font-weight: 400;\">Destacamos por nuestra profunda experiencia, forjada a lo largo de los a\u00f1os en el sector de la impresi\u00f3n Offset. <\/span><span style=\"font-weight: 400;\">Nuestros t\u00e9cnicos, expertos altamente cualificados y todo nuestro equipo, se dedican a dar un servicio de calidad a nuestros clientes. <\/span><\/p><p><span style=\"font-weight: 400;\">Nuestro equipo est\u00e1 formado por t\u00e9cnicos formados por un importante fabricante: impresores, mec\u00e1nicos, electromec\u00e1nicos, especialistas en plegadoras, gestores de recambios, atenci<\/span><span style=\"font-family: Roboto, sans-serif; font-size: 18px; font-style: normal; font-variant-ligatures: normal; font-variant-caps: normal; font-weight: 400; letter-spacing: 0px;\">\u00f3<\/span><span style=\"font-size: 18px; font-weight: 400; letter-spacing: 0px;\">n al cliente.<\/span><\/p><p>\u00a0<\/p>\t\t\t\t\t\t\t\t<\/div>\n\t\t\t\t<\/div>\n\t\t\t\t\t<\/div>\n\t\t\t\t<\/div>\n\t\t<div class=\"elementor-element elementor-element-9f327d8 e-flex e-con-boxed e-con e-parent\" data-id=\"9f327d8\" data-element_type=\"container\" data-settings=\"{&quot;background_background&quot;:&quot;classic&quot;}\">\n\t\t\t\t\t<div class=\"e-con-inner\">\n\t\t\t\t<div class=\"elementor-element elementor-element-25a37346 elementor-widget elementor-widget-heading\" data-id=\"25a37346\" data-element_type=\"widget\" data-widget_type=\"heading.default\">\n\t\t\t\t<div class=\"elementor-widget-container\">\n\t\t\t\t\t<h2 class=\"elementor-heading-title elementor-size-default\"><b>ROTATIVAMENTE SUYO<\/b><\/h2>\t\t\t\t<\/div>\n\t\t\t\t<\/div>\n\t\t\t\t<div class=\"elementor-element elementor-element-1498e541 elementor-widget elementor-widget-text-editor\" data-id=\"1498e541\" data-element_type=\"widget\" data-widget_type=\"text-editor.default\">\n\t\t\t\t<div class=\"elementor-widget-container\">\n\t\t\t\t\t\t\t\t\t<p>Desde su creaci\u00f3n, nuestra <b>empresa <\/b>siempre se ha comprometido a ofrecer a sus clientes, en Francia y en el extranjero,\u00a0<b>servicios y productos de alta calidad<\/b> <span style=\"font-size: 18px; text-align: var(--text-align);\"><b>perfectamente adaptados<\/b> a sus necesidades espec\u00edficas. Nuestra prioridad es <\/span><span style=\"font-size: 18px; text-align: var(--text-align);\">apoyar a nuestros socios en <b>la optimizaci\u00f3n de su rendimiento<\/b>, al tiempo que<\/span> <span style=\"font-size: 18px; text-align: var(--text-align);\">les ofrecemos soluciones a medida para <b>mejorar el rendimiento<\/b> <b>de sus<\/b><\/span> <span style=\"font-size: 18px; text-align: var(--text-align);\"><b>equipos<\/b> y <b>reducir sus costes operativos<\/b>.<\/span><\/p><p><span style=\"font-size: 18px; text-align: var(--text-align);\">La <b>productividad y la flexibilidad<\/b> est\u00e1n en el coraz\u00f3n de nuestra oferta. Gracias a soluciones <\/span><span style=\"font-size: 18px; text-align: var(--text-align);\">personalizadas, respondemos a los retos espec\u00edficos de cada cliente, <\/span><span style=\"font-size: 18px; text-align: var(--text-align);\">garantizando mejoras concretas y medibles. Entendemos <\/span><span style=\"font-size: 18px; text-align: var(--text-align);\">la importancia de adaptar cada proyecto a contextos \u00fanicos, por lo que nuestra <\/span><span style=\"font-size: 18px; text-align: var(--text-align);\">en torno a tus objetivos de rendimiento.<\/span><\/p><p><span lang=\"ES\">Siempre en un proceso de <b>mejora continua<\/b>, nuestro equipo trabaja en estrecha colaboraci\u00f3n con usted para desarrollar soluciones de <b>ingenier\u00eda innovadoras<\/b>, ya sea para la optimizaci\u00f3n de sus equipos o la mejora de los componentes existentes. Nuestros servicios de <b>upgrade y retrofit <\/b>le permiten alargar la vida \u00fatil de sus m\u00e1quinas incorporando los \u00faltimos avances tecnol\u00f3gicos, reforzando su competitividad y eficiencia a largo plazo.<\/span><\/p>\t\t\t\t\t\t\t\t<\/div>\n\t\t\t\t<\/div>\n\t\t\t\t\t<\/div>\n\t\t\t\t<\/div>\n\t\t<div class=\"elementor-element elementor-element-4a9e9bd8 e-flex e-con-boxed e-con e-parent\" data-id=\"4a9e9bd8\" data-element_type=\"container\" data-settings=\"{&quot;background_background&quot;:&quot;classic&quot;}\">\n\t\t\t\t\t<div class=\"e-con-inner\">\n\t\t\t\t\t<\/div>\n\t\t\t\t<\/div>\n\t\t<div class=\"elementor-element elementor-element-6255376d e-flex e-con-boxed e-con e-parent\" data-id=\"6255376d\" data-element_type=\"container\" data-settings=\"{&quot;background_background&quot;:&quot;classic&quot;}\">\n\t\t\t\t\t<div class=\"e-con-inner\">\n\t\t\t\t<div class=\"elementor-element elementor-element-61876b27 elementor-widget elementor-widget-heading\" data-id=\"61876b27\" data-element_type=\"widget\" data-widget_type=\"heading.default\">\n\t\t\t\t<div class=\"elementor-widget-container\">\n\t\t\t\t\t<h2 class=\"elementor-heading-title elementor-size-default\"><b>CONTACTO<\/b><\/h2>\t\t\t\t<\/div>\n\t\t\t\t<\/div>\n\t\t\t\t<div class=\"elementor-element elementor-element-511259bb elementor-align-center elementor-widget elementor-widget-button\" data-id=\"511259bb\" data-element_type=\"widget\" data-widget_type=\"button.default\">\n\t\t\t\t<div class=\"elementor-widget-container\">\n\t\t\t\t\t\t\t\t\t<div class=\"elementor-button-wrapper\">\n\t\t\t\t\t<a class=\"elementor-button elementor-button-link elementor-size-md\" href=\"https:\/\/servicesrotoplus.com\/es\/ponte-en-contacto-con\/\">\n\t\t\t\t\t\t<span class=\"elementor-button-content-wrapper\">\n\t\t\t\t\t\t\t\t\t<span class=\"elementor-button-text\">CONTACTO<\/span>\n\t\t\t\t\t<\/span>\n\t\t\t\t\t<\/a>\n\t\t\t\t<\/div>\n\t\t\t\t\t\t\t\t<\/div>\n\t\t\t\t<\/div>\n\t\t\t\t<div class=\"elementor-element elementor-element-2a25033 elementor-widget elementor-widget-text-editor\" data-id=\"2a25033\" data-element_type=\"widget\" data-widget_type=\"text-editor.default\">\n\t\t\t\t<div class=\"elementor-widget-container\">\n\t\t\t\t\t\t\t\t\t<p>&nbsp;<span style=\"font-size: 18px; letter-spacing: 0px;\"><b>\u00bfEs usted un impresor<\/b> que busca un socio t\u00e9cnico <b>reconocido que sea experto en su campo?&nbsp;<\/b>Estamos disponibles para apoyarle en sus operaciones de mantenimiento y traslado.<\/span><\/p><p><b style=\"font-size: 18px; letter-spacing: 0px;\">\u00bfEst\u00e1 buscando una m\u00e1quina especial?<\/b><span style=\"font-size: 18px; letter-spacing: 0px;\"> Tambi\u00e9n le apoyamos en su proyecto y fabricamos su&nbsp;<\/span><span style=\"font-size: 18px; letter-spacing: 0px;\">m\u00e1quina a medida.<\/span><\/p><p><b style=\"font-size: 18px; letter-spacing: 0px;\"><span style=\"font-size: 18px; letter-spacing: 0px;\">\u00a1Solo tiene que ponerse en contacto con nosotros!<\/span>&nbsp;<\/b><\/p>\t\t\t\t\t\t\t\t<\/div>\n\t\t\t\t<\/div>\n\t\t\t\t\t<\/div>\n\t\t\t\t<\/div>\n\t\t\t\t<\/div>\n\t\t","protected":false},"excerpt":{"rendered":"<p>ROTATABLY YOURS Descubra nuestra NUEVA E-Shop: \u00a1La soluci\u00f3n ideal para sus piezas de repuesto Web Offset! 2024 marca un punto de inflexi\u00f3n para Services Roto Plus! Estamos orgullosos de anunciar la apertura de nuestro&nbsp;E-Shop&nbsp;dedicado a las piezas de recambio nuevas y usadas para las m\u00e1quinas de prensa Offset de bobina. Aqu\u00ed encontrar\u00e1 una amplia selecci\u00f3n [&hellip;]<\/p>\n","protected":false},"author":2,"featured_media":0,"parent":0,"menu_order":0,"comment_status":"closed","ping_status":"closed","template":"","meta":{"ocean_post_layout":"","ocean_both_sidebars_style":"","ocean_both_sidebars_content_width":0,"ocean_both_sidebars_sidebars_width":0,"ocean_sidebar":"","ocean_second_sidebar":"","ocean_disable_margins":"enable","ocean_add_body_class":"","ocean_shortcode_before_top_bar":"","ocean_shortcode_after_top_bar":"","ocean_shortcode_before_header":"","ocean_shortcode_after_header":"","ocean_has_shortcode":"","ocean_shortcode_after_title":"","ocean_shortcode_before_footer_widgets":"","ocean_shortcode_after_footer_widgets":"","ocean_shortcode_before_footer_bottom":"","ocean_shortcode_after_footer_bottom":"","ocean_display_top_bar":"default","ocean_display_header":"default","ocean_header_style":"","ocean_center_header_left_menu":"","ocean_custom_header_template":"","ocean_custom_logo":0,"ocean_custom_retina_logo":0,"ocean_custom_logo_max_width":0,"ocean_custom_logo_tablet_max_width":0,"ocean_custom_logo_mobile_max_width":0,"ocean_custom_logo_max_height":0,"ocean_custom_logo_tablet_max_height":0,"ocean_custom_logo_mobile_max_height":0,"ocean_header_custom_menu":"","ocean_menu_typo_font_family":"","ocean_menu_typo_font_subset":"","ocean_menu_typo_font_size":0,"ocean_menu_typo_font_size_tablet":0,"ocean_menu_typo_font_size_mobile":0,"ocean_menu_typo_font_size_unit":"px","ocean_menu_typo_font_weight":"","ocean_menu_typo_font_weight_tablet":"","ocean_menu_typo_font_weight_mobile":"","ocean_menu_typo_transform":"","ocean_menu_typo_transform_tablet":"","ocean_menu_typo_transform_mobile":"","ocean_menu_typo_line_height":0,"ocean_menu_typo_line_height_tablet":0,"ocean_menu_typo_line_height_mobile":0,"ocean_menu_typo_line_height_unit":"","ocean_menu_typo_spacing":0,"ocean_menu_typo_spacing_tablet":0,"ocean_menu_typo_spacing_mobile":0,"ocean_menu_typo_spacing_unit":"","ocean_menu_link_color":"","ocean_menu_link_color_hover":"","ocean_menu_link_color_active":"","ocean_menu_link_background":"","ocean_menu_link_hover_background":"","ocean_menu_link_active_background":"","ocean_menu_social_links_bg":"","ocean_menu_social_hover_links_bg":"","ocean_menu_social_links_color":"","ocean_menu_social_hover_links_color":"","ocean_disable_title":"default","ocean_disable_heading":"default","ocean_post_title":"","ocean_post_subheading":"","ocean_post_title_style":"","ocean_post_title_background_color":"","ocean_post_title_background":0,"ocean_post_title_bg_image_position":"","ocean_post_title_bg_image_attachment":"","ocean_post_title_bg_image_repeat":"","ocean_post_title_bg_image_size":"","ocean_post_title_height":0,"ocean_post_title_bg_overlay":0.5,"ocean_post_title_bg_overlay_color":"","ocean_disable_breadcrumbs":"default","ocean_breadcrumbs_color":"","ocean_breadcrumbs_separator_color":"","ocean_breadcrumbs_links_color":"","ocean_breadcrumbs_links_hover_color":"","ocean_display_footer_widgets":"default","ocean_display_footer_bottom":"default","ocean_custom_footer_template":"","footnotes":""},"class_list":["post-30355","page","type-page","status-publish","hentry","entry","owp-thumbs-layout-horizontal","owp-btn-normal","owp-tabs-layout-horizontal","has-no-thumbnails","has-product-nav"],"_links":{"self":[{"href":"https:\/\/servicesrotoplus.com\/es\/wp-json\/wp\/v2\/pages\/30355","targetHints":{"allow":["GET"]}}],"collection":[{"href":"https:\/\/servicesrotoplus.com\/es\/wp-json\/wp\/v2\/pages"}],"about":[{"href":"https:\/\/servicesrotoplus.com\/es\/wp-json\/wp\/v2\/types\/page"}],"author":[{"embeddable":true,"href":"https:\/\/servicesrotoplus.com\/es\/wp-json\/wp\/v2\/users\/2"}],"replies":[{"embeddable":true,"href":"https:\/\/servicesrotoplus.com\/es\/wp-json\/wp\/v2\/comments?post=30355"}],"version-history":[{"count":12,"href":"https:\/\/servicesrotoplus.com\/es\/wp-json\/wp\/v2\/pages\/30355\/revisions"}],"predecessor-version":[{"id":34610,"href":"https:\/\/servicesrotoplus.com\/es\/wp-json\/wp\/v2\/pages\/30355\/revisions\/34610"}],"wp:attachment":[{"href":"https:\/\/servicesrotoplus.com\/es\/wp-json\/wp\/v2\/media?parent=30355"}],"curies":[{"name":"wp","href":"https:\/\/api.w.org\/{rel}","templated":true}]}}