{"id":30375,"date":"2023-11-22T17:36:54","date_gmt":"2023-11-22T16:36:54","guid":{"rendered":"https:\/\/servicesrotoplus.com\/politica-de-privacidad\/"},"modified":"2024-09-19T11:40:34","modified_gmt":"2024-09-19T09:40:34","slug":"politica-de-privacidad","status":"publish","type":"page","link":"https:\/\/servicesrotoplus.com\/es\/politica-de-privacidad\/","title":{"rendered":"Pol\u00edtica de privacidad"},"content":{"rendered":"\t\t<div data-elementor-type=\"wp-page\" data-elementor-id=\"30375\" class=\"elementor elementor-30375 elementor-3\">\n\t\t\t\t<div class=\"elementor-element elementor-element-78899c1 e-flex e-con-boxed e-con e-parent\" data-id=\"78899c1\" data-element_type=\"container\">\n\t\t\t\t\t<div class=\"e-con-inner\">\n\t\t\t\t<div class=\"elementor-element elementor-element-08e6001 elementor-widget__width-initial elementor-widget elementor-widget-heading\" data-id=\"08e6001\" data-element_type=\"widget\" data-widget_type=\"heading.default\">\n\t\t\t\t<div class=\"elementor-widget-container\">\n\t\t\t\t\t<h2 class=\"elementor-heading-title elementor-size-default\">POL\u00cdTICA DE PRIVACIDAD<\/h2>\t\t\t\t<\/div>\n\t\t\t\t<\/div>\n\t\t\t\t\t<\/div>\n\t\t\t\t<\/div>\n\t\t<div class=\"elementor-element elementor-element-25f01a98 e-flex e-con-boxed e-con e-parent\" data-id=\"25f01a98\" data-element_type=\"container\">\n\t\t\t\t\t<div class=\"e-con-inner\">\n\t\t\t\t<div class=\"elementor-element elementor-element-fd600fc elementor-widget elementor-widget-text-editor\" data-id=\"fd600fc\" data-element_type=\"widget\" data-widget_type=\"text-editor.default\">\n\t\t\t\t<div class=\"elementor-widget-container\">\n\t\t\t\t\t\t\t\t\t<p><strong>1 Recogida de informaci\u00f3n<\/strong><\/p>\n<p>Recogemos informaci\u00f3n cuando te registras en nuestro sitio, cuando entras en tu cuenta, haces una compra, participas en un concurso y\/o cuando cierras la sesi\u00f3n.\nLa informaci\u00f3n recopilada incluye tu nombre, direcci\u00f3n de correo electr\u00f3nico, n\u00famero de tel\u00e9fono y\/o datos de tu tarjeta de cr\u00e9dito. <br><br>Adem\u00e1s, recibimos y registramos autom\u00e1ticamente informaci\u00f3n de tu ordenador y navegador, incluyendo tu direcci\u00f3n IP, tu software y hardware, y la p\u00e1gina que solicitas.<\/p>\n<ol start=\"2\">\n<li><strong>  Uso de la informaci\u00f3n<\/strong><\/li>\n<\/ol>\n<p>Cualquier informaci\u00f3n que recojamos de ti podr\u00e1 ser utilizada para :<\/p>\n<p>&#8211; Personalizar tu experiencia y satisfacer tus necesidades individuales<\/p>\n<p>&#8211; Proporcionar contenidos publicitarios personalizados<\/p>\n<p>&#8211; Mejorar nuestro sitio<\/p>\n<p>&#8211; Mejorar el servicio al cliente y tus necesidades asistenciales<\/p>\n<p>&#8211; Ponerse en contacto contigo por correo electr\u00f3nico<\/p>\n<p>&#8211; Administrar un concurso, promoci\u00f3n o encuesta<\/p>\n<ol start=\"3\">\n<li><strong>  Confidencialidad en el comercio electr\u00f3nico<\/strong><\/li>\n<\/ol>\n<p>Somos los \u00fanicos propietarios de la informaci\u00f3n recogida en este sitio.\nTu informaci\u00f3n personal no se vender\u00e1, intercambiar\u00e1, transferir\u00e1 ni dar\u00e1 a ninguna otra empresa por ning\u00fan motivo, sin tu consentimiento, salvo que sea necesario para cumplir una solicitud y\/o transacci\u00f3n, como enviar un pedido. <\/p>\n<ol start=\"4\">\n<li><strong>  Divulgaci\u00f3n a terceros<\/strong><\/li>\n<\/ol>\n<p>No vendemos, comerciamos ni transferimos de ning\u00fan otro modo tu informaci\u00f3n personal identificable a terceros.\nEsto no incluye a terceros de confianza que nos ayudan a gestionar nuestro sitio web o a llevar a cabo nuestro negocio, siempre y cuando dichas partes se comprometan a mantener la confidencialidad de esta informaci\u00f3n. <\/p>\n<p>Creemos que es necesario compartir informaci\u00f3n para investigar, prevenir o tomar medidas en relaci\u00f3n con actividades ilegales, sospechas de fraude, situaciones que impliquen amenazas potenciales a la seguridad f\u00edsica de cualquier persona, violaciones de nuestras condiciones de uso, o cuando la ley nos obligue a hacerlo.<\/p>\n<p>Sin embargo, la informaci\u00f3n no privada puede facilitarse a terceros para fines de marketing, publicidad u otros usos.<\/p>\n<ol start=\"5\">\n<li><strong>  Protecci\u00f3n de la informaci\u00f3n<\/strong><\/li>\n<\/ol>\n<p>Aplicamos diversas medidas de seguridad para mantener a salvo tu informaci\u00f3n personal.\nUtilizamos encriptaci\u00f3n de \u00faltima generaci\u00f3n para proteger la informaci\u00f3n confidencial transmitida en l\u00ednea.\nTambi\u00e9n protegemos tu informaci\u00f3n fuera de l\u00ednea.\nS\u00f3lo los empleados que necesitan realizar un trabajo espec\u00edfico (por ejemplo, facturaci\u00f3n o atenci\u00f3n al cliente) tienen acceso a la informaci\u00f3n personal identificable.\nLos ordenadores y servidores utilizados para almacenar informaci\u00f3n personal identificable se mantienen en un entorno seguro.    <\/p>\n<p><strong>\u00bfUtilizamos cookies?<\/strong><\/p>\n<p>Nuestras cookies mejoran el acceso a nuestro sitio e identifican a los visitantes recurrentes.\nAdem\u00e1s, nuestras cookies mejoran la experiencia del usuario mediante el seguimiento y la orientaci\u00f3n de sus intereses.\nSin embargo, este uso de cookies no est\u00e1 vinculado en modo alguno a ninguna informaci\u00f3n personal identificable en nuestro sitio.  <\/p>\n<ol start=\"6\">\n<li><strong>  Anular suscripci\u00f3n<\/strong><\/li>\n<\/ol>\n<p>Utilizamos la direcci\u00f3n de correo electr\u00f3nico que nos proporcionas para enviarte informaci\u00f3n y actualizaciones relacionadas con tu pedido, noticias ocasionales de la empresa, informaci\u00f3n sobre productos relacionados, etc.\nSi en alg\u00fan momento deseas darte de baja y dejar de recibir correos electr\u00f3nicos, en la parte inferior de cada correo electr\u00f3nico encontrar\u00e1s instrucciones detalladas para darte de baja. <\/p>\n<ol start=\"7\">\n<li><strong>  Consentimiento<\/strong><\/li>\n<\/ol>\n<p>Al utilizar nuestro sitio, aceptas nuestra pol\u00edtica de privacidad.<\/p>\t\t\t\t\t\t\t\t<\/div>\n\t\t\t\t<\/div>\n\t\t\t\t\t<\/div>\n\t\t\t\t<\/div>\n\t\t\t\t<\/div>\n\t\t","protected":false},"excerpt":{"rendered":"<p>POL\u00cdTICA DE PRIVACIDAD 1 Recogida de informaci\u00f3n Recogemos informaci\u00f3n cuando te registras en nuestro sitio, cuando entras en tu cuenta, haces una compra, participas en un concurso y\/o cuando cierras la sesi\u00f3n. La informaci\u00f3n recopilada incluye tu nombre, direcci\u00f3n de correo electr\u00f3nico, n\u00famero de tel\u00e9fono y\/o datos de tu tarjeta de cr\u00e9dito. Adem\u00e1s, recibimos y [&hellip;]<\/p>\n","protected":false},"author":1,"featured_media":0,"parent":0,"menu_order":0,"comment_status":"closed","ping_status":"closed","template":"","meta":{"ocean_post_layout":"","ocean_both_sidebars_style":"","ocean_both_sidebars_content_width":0,"ocean_both_sidebars_sidebars_width":0,"ocean_sidebar":"","ocean_second_sidebar":"","ocean_disable_margins":"enable","ocean_add_body_class":"","ocean_shortcode_before_top_bar":"","ocean_shortcode_after_top_bar":"","ocean_shortcode_before_header":"","ocean_shortcode_after_header":"","ocean_has_shortcode":"","ocean_shortcode_after_title":"","ocean_shortcode_before_footer_widgets":"","ocean_shortcode_after_footer_widgets":"","ocean_shortcode_before_footer_bottom":"","ocean_shortcode_after_footer_bottom":"","ocean_display_top_bar":"default","ocean_display_header":"default","ocean_header_style":"","ocean_center_header_left_menu":"","ocean_custom_header_template":"","ocean_custom_logo":0,"ocean_custom_retina_logo":0,"ocean_custom_logo_max_width":0,"ocean_custom_logo_tablet_max_width":0,"ocean_custom_logo_mobile_max_width":0,"ocean_custom_logo_max_height":0,"ocean_custom_logo_tablet_max_height":0,"ocean_custom_logo_mobile_max_height":0,"ocean_header_custom_menu":"","ocean_menu_typo_font_family":"","ocean_menu_typo_font_subset":"","ocean_menu_typo_font_size":0,"ocean_menu_typo_font_size_tablet":0,"ocean_menu_typo_font_size_mobile":0,"ocean_menu_typo_font_size_unit":"px","ocean_menu_typo_font_weight":"","ocean_menu_typo_font_weight_tablet":"","ocean_menu_typo_font_weight_mobile":"","ocean_menu_typo_transform":"","ocean_menu_typo_transform_tablet":"","ocean_menu_typo_transform_mobile":"","ocean_menu_typo_line_height":0,"ocean_menu_typo_line_height_tablet":0,"ocean_menu_typo_line_height_mobile":0,"ocean_menu_typo_line_height_unit":"","ocean_menu_typo_spacing":0,"ocean_menu_typo_spacing_tablet":0,"ocean_menu_typo_spacing_mobile":0,"ocean_menu_typo_spacing_unit":"","ocean_menu_link_color":"","ocean_menu_link_color_hover":"","ocean_menu_link_color_active":"","ocean_menu_link_background":"","ocean_menu_link_hover_background":"","ocean_menu_link_active_background":"","ocean_menu_social_links_bg":"","ocean_menu_social_hover_links_bg":"","ocean_menu_social_links_color":"","ocean_menu_social_hover_links_color":"","ocean_disable_title":"default","ocean_disable_heading":"default","ocean_post_title":"","ocean_post_subheading":"","ocean_post_title_style":"","ocean_post_title_background_color":"","ocean_post_title_background":0,"ocean_post_title_bg_image_position":"","ocean_post_title_bg_image_attachment":"","ocean_post_title_bg_image_repeat":"","ocean_post_title_bg_image_size":"","ocean_post_title_height":0,"ocean_post_title_bg_overlay":0.5,"ocean_post_title_bg_overlay_color":"","ocean_disable_breadcrumbs":"default","ocean_breadcrumbs_color":"","ocean_breadcrumbs_separator_color":"","ocean_breadcrumbs_links_color":"","ocean_breadcrumbs_links_hover_color":"","ocean_display_footer_widgets":"default","ocean_display_footer_bottom":"default","ocean_custom_footer_template":"","footnotes":""},"class_list":["post-30375","page","type-page","status-publish","hentry","entry","owp-thumbs-layout-horizontal","owp-btn-normal","owp-tabs-layout-horizontal","has-no-thumbnails","has-product-nav"],"_links":{"self":[{"href":"https:\/\/servicesrotoplus.com\/es\/wp-json\/wp\/v2\/pages\/30375","targetHints":{"allow":["GET"]}}],"collection":[{"href":"https:\/\/servicesrotoplus.com\/es\/wp-json\/wp\/v2\/pages"}],"about":[{"href":"https:\/\/servicesrotoplus.com\/es\/wp-json\/wp\/v2\/types\/page"}],"author":[{"embeddable":true,"href":"https:\/\/servicesrotoplus.com\/es\/wp-json\/wp\/v2\/users\/1"}],"replies":[{"embeddable":true,"href":"https:\/\/servicesrotoplus.com\/es\/wp-json\/wp\/v2\/comments?post=30375"}],"version-history":[{"count":2,"href":"https:\/\/servicesrotoplus.com\/es\/wp-json\/wp\/v2\/pages\/30375\/revisions"}],"predecessor-version":[{"id":30378,"href":"https:\/\/servicesrotoplus.com\/es\/wp-json\/wp\/v2\/pages\/30375\/revisions\/30378"}],"wp:attachment":[{"href":"https:\/\/servicesrotoplus.com\/es\/wp-json\/wp\/v2\/media?parent=30375"}],"curies":[{"name":"wp","href":"https:\/\/api.w.org\/{rel}","templated":true}]}}