{"id":30386,"date":"2024-01-15T16:59:21","date_gmt":"2024-01-15T15:59:21","guid":{"rendered":"https:\/\/servicesrotoplus.com\/pie-de-imprenta\/"},"modified":"2024-11-21T12:32:10","modified_gmt":"2024-11-21T11:32:10","slug":"pie-de-imprenta","status":"publish","type":"page","link":"https:\/\/servicesrotoplus.com\/es\/pie-de-imprenta\/","title":{"rendered":"Imprint"},"content":{"rendered":"\t\t<div data-elementor-type=\"wp-page\" data-elementor-id=\"30386\" class=\"elementor elementor-30386 elementor-29057\">\n\t\t\t\t<div class=\"elementor-element elementor-element-63891bf e-flex e-con-boxed e-con e-parent\" data-id=\"63891bf\" data-element_type=\"container\">\n\t\t\t\t\t<div class=\"e-con-inner\">\n\t\t\t\t<div class=\"elementor-element elementor-element-a745f1f elementor-widget__width-initial elementor-widget elementor-widget-heading\" data-id=\"a745f1f\" data-element_type=\"widget\" data-widget_type=\"heading.default\">\n\t\t\t\t<div class=\"elementor-widget-container\">\n\t\t\t\t\t<h2 class=\"elementor-heading-title elementor-size-default\">IMPRINT<\/h2>\t\t\t\t<\/div>\n\t\t\t\t<\/div>\n\t\t\t\t\t<\/div>\n\t\t\t\t<\/div>\n\t\t<div class=\"elementor-element elementor-element-454597a e-flex e-con-boxed e-con e-parent\" data-id=\"454597a\" data-element_type=\"container\">\n\t\t\t\t\t<div class=\"e-con-inner\">\n\t\t\t\t<div class=\"elementor-element elementor-element-56cc26a elementor-widget elementor-widget-image\" data-id=\"56cc26a\" data-element_type=\"widget\" data-widget_type=\"image.default\">\n\t\t\t\t<div class=\"elementor-widget-container\">\n\t\t\t\t\t\t\t\t\t\t\t\t\t\t\t<img fetchpriority=\"high\" decoding=\"async\" width=\"1024\" height=\"512\" src=\"https:\/\/servicesrotoplus.com\/wp-content\/uploads\/2024\/02\/rsw_2480h_1240cg_true-1024x512.webp\" class=\"attachment-large size-large wp-image-30364\" alt=\"\" srcset=\"https:\/\/servicesrotoplus.com\/wp-content\/uploads\/2024\/02\/rsw_2480h_1240cg_true-1024x512.webp 1024w, https:\/\/servicesrotoplus.com\/wp-content\/uploads\/2024\/02\/rsw_2480h_1240cg_true-300x150.webp 300w, https:\/\/servicesrotoplus.com\/wp-content\/uploads\/2024\/02\/rsw_2480h_1240cg_true-600x300.webp 600w, https:\/\/servicesrotoplus.com\/wp-content\/uploads\/2024\/02\/rsw_2480h_1240cg_true-768x384.webp 768w, https:\/\/servicesrotoplus.com\/wp-content\/uploads\/2024\/02\/rsw_2480h_1240cg_true-1536x767.webp 1536w, https:\/\/servicesrotoplus.com\/wp-content\/uploads\/2024\/02\/rsw_2480h_1240cg_true-2048x1023.webp 2048w\" sizes=\"(max-width: 1024px) 100vw, 1024px\" \/>\t\t\t\t\t\t\t\t\t\t\t\t\t\t\t<\/div>\n\t\t\t\t<\/div>\n\t\t\t\t\t<\/div>\n\t\t\t\t<\/div>\n\t\t<div class=\"elementor-element elementor-element-6bc7cc4 e-flex e-con-boxed e-con e-parent\" data-id=\"6bc7cc4\" data-element_type=\"container\">\n\t\t\t\t\t<div class=\"e-con-inner\">\n\t\t\t\t<div class=\"elementor-element elementor-element-1393bdd elementor-widget elementor-widget-heading\" data-id=\"1393bdd\" data-element_type=\"widget\" data-widget_type=\"heading.default\">\n\t\t\t\t<div class=\"elementor-widget-container\">\n\t\t\t\t\t<h2 class=\"elementor-heading-title elementor-size-default\">Informaci\u00f3n legal<\/h2>\t\t\t\t<\/div>\n\t\t\t\t<\/div>\n\t\t\t\t\t<\/div>\n\t\t\t\t<\/div>\n\t\t<div class=\"elementor-element elementor-element-ef8ba0c e-flex e-con-boxed e-con e-parent\" data-id=\"ef8ba0c\" data-element_type=\"container\">\n\t\t\t\t\t<div class=\"e-con-inner\">\n\t\t<div class=\"elementor-element elementor-element-77baf9e e-con-full e-flex e-con e-child\" data-id=\"77baf9e\" data-element_type=\"container\">\n\t\t\t\t<div class=\"elementor-element elementor-element-03d1d40 elementor-widget elementor-widget-text-editor\" data-id=\"03d1d40\" data-element_type=\"widget\" data-widget_type=\"text-editor.default\">\n\t\t\t\t<div class=\"elementor-widget-container\">\n\t\t\t\t\t\t\t\t\t<p><span class=\"x-el x-el-span c1-6m c1-6n c1-b c1-c c1-d c1-e c1-f c1-g\">El copyright de todo el contenido de este sitio es propiedad de Services Roto Plus, a menos que se especifique lo contrario; no puede modificarse ni distribuirse sin el permiso expreso de Services Roto Plus.<br>Cuando se faciliten descargas de software o informaci\u00f3n de proveedores externos, los derechos de autor pertenecen a los fabricantes correspondientes. <\/span><\/p>\n<p><span class=\"x-el x-el-span c1-6m c1-6n c1-b c1-c c1-d c1-e c1-f c1-g\">Las p\u00e1ginas de este sitio contienen enlaces directos o indirectos a p\u00e1ginas externas.<br>Las p\u00e1ginas externas enlazadas estaban libres de contenido ilegal en el momento de su publicaci\u00f3n, sin embargo, Servicios Roto Plus no tiene ninguna influencia sobre el contenido futuro de ninguna p\u00e1gina externa. <\/span><\/p>\n<p><span class=\"x-el x-el-span c1-6m c1-6n c1-b c1-c c1-d c1-e c1-f c1-g\">La responsabilidad por contenidos ilegales, incompletos o incorrectos de p\u00e1ginas externas, en particular por da\u00f1os causados por el uso de dichas p\u00e1ginas externas, recae enteramente en el proveedor de la(s) p\u00e1gina(s) respectiva(s).<br>Services Roto Plus no es responsable del contenido de las p\u00e1ginas enlazadas. <\/span><\/p>\n<p><span class=\"x-el x-el-span c1-6m c1-6n c1-b c1-c c1-d c1-e c1-f c1-g\"><strong class=\"x-el x-el-span c1-1v c1-1w c1-b c1-8c c1-4b c1-6a c1-8d\">Todo el contenido es, a menos que se especifique lo contrario, \u00a9 2024 por Servicios Roto Plus<\/strong><\/span><\/p>\t\t\t\t\t\t\t\t<\/div>\n\t\t\t\t<\/div>\n\t\t\t\t<\/div>\n\t\t<div class=\"elementor-element elementor-element-3e11a34 e-con-full e-flex e-con e-child\" data-id=\"3e11a34\" data-element_type=\"container\" data-settings=\"{&quot;background_background&quot;:&quot;classic&quot;}\">\n\t\t<div class=\"elementor-element elementor-element-9301da1 e-flex e-con-boxed e-con e-child\" data-id=\"9301da1\" data-element_type=\"container\">\n\t\t\t\t\t<div class=\"e-con-inner\">\n\t\t\t\t<div class=\"elementor-element elementor-element-0fe51a4 elementor-widget elementor-widget-heading\" data-id=\"0fe51a4\" data-element_type=\"widget\" data-widget_type=\"heading.default\">\n\t\t\t\t<div class=\"elementor-widget-container\">\n\t\t\t\t\t<h2 class=\"elementor-heading-title elementor-size-default\">Pol\u00edtica de privacidad<\/h2>\t\t\t\t<\/div>\n\t\t\t\t<\/div>\n\t\t\t\t\t<\/div>\n\t\t\t\t<\/div>\n\t\t\t\t<div class=\"elementor-element elementor-element-cc3a732 elementor-widget elementor-widget-text-editor\" data-id=\"cc3a732\" data-element_type=\"widget\" data-widget_type=\"text-editor.default\">\n\t\t\t\t<div class=\"elementor-widget-container\">\n\t\t\t\t\t\t\t\t\t<p>Recogemos informaci\u00f3n cuando te registras en nuestro sitio, entras en tu cuenta, realizas una compra, participas en un concurso, y\/o &#8230;..<\/p>\n\t\t\t\t\t\t\t\t<\/div>\n\t\t\t\t<\/div>\n\t\t\t\t<div class=\"elementor-element elementor-element-ea44459 elementor-align-center elementor-widget elementor-widget-button\" data-id=\"ea44459\" data-element_type=\"widget\" data-widget_type=\"button.default\">\n\t\t\t\t<div class=\"elementor-widget-container\">\n\t\t\t\t\t\t\t\t\t<div class=\"elementor-button-wrapper\">\n\t\t\t\t\t<a class=\"elementor-button elementor-button-link elementor-size-sm\" href=\"https:\/\/servicesrotoplus.com\/es\/politica-de-privacidad\/\">\n\t\t\t\t\t\t<span class=\"elementor-button-content-wrapper\">\n\t\t\t\t\t\t\t\t\t<span class=\"elementor-button-text\">SABER M\u00c1S<\/span>\n\t\t\t\t\t<\/span>\n\t\t\t\t\t<\/a>\n\t\t\t\t<\/div>\n\t\t\t\t\t\t\t\t<\/div>\n\t\t\t\t<\/div>\n\t\t\t\t<\/div>\n\t\t\t\t\t<\/div>\n\t\t\t\t<\/div>\n\t\t\t\t<\/div>\n\t\t","protected":false},"excerpt":{"rendered":"<p>IMPRINT Informaci\u00f3n legal El copyright de todo el contenido de este sitio es propiedad de Services Roto Plus, a menos que se especifique lo contrario; no puede modificarse ni distribuirse sin el permiso expreso de Services Roto Plus.Cuando se faciliten descargas de software o informaci\u00f3n de proveedores externos, los derechos de autor pertenecen a los [&hellip;]<\/p>\n","protected":false},"author":1,"featured_media":0,"parent":0,"menu_order":0,"comment_status":"closed","ping_status":"closed","template":"","meta":{"ocean_post_layout":"","ocean_both_sidebars_style":"","ocean_both_sidebars_content_width":0,"ocean_both_sidebars_sidebars_width":0,"ocean_sidebar":"","ocean_second_sidebar":"","ocean_disable_margins":"enable","ocean_add_body_class":"","ocean_shortcode_before_top_bar":"","ocean_shortcode_after_top_bar":"","ocean_shortcode_before_header":"","ocean_shortcode_after_header":"","ocean_has_shortcode":"","ocean_shortcode_after_title":"","ocean_shortcode_before_footer_widgets":"","ocean_shortcode_after_footer_widgets":"","ocean_shortcode_before_footer_bottom":"","ocean_shortcode_after_footer_bottom":"","ocean_display_top_bar":"default","ocean_display_header":"default","ocean_header_style":"","ocean_center_header_left_menu":"","ocean_custom_header_template":"","ocean_custom_logo":0,"ocean_custom_retina_logo":0,"ocean_custom_logo_max_width":0,"ocean_custom_logo_tablet_max_width":0,"ocean_custom_logo_mobile_max_width":0,"ocean_custom_logo_max_height":0,"ocean_custom_logo_tablet_max_height":0,"ocean_custom_logo_mobile_max_height":0,"ocean_header_custom_menu":"","ocean_menu_typo_font_family":"","ocean_menu_typo_font_subset":"","ocean_menu_typo_font_size":0,"ocean_menu_typo_font_size_tablet":0,"ocean_menu_typo_font_size_mobile":0,"ocean_menu_typo_font_size_unit":"px","ocean_menu_typo_font_weight":"","ocean_menu_typo_font_weight_tablet":"","ocean_menu_typo_font_weight_mobile":"","ocean_menu_typo_transform":"","ocean_menu_typo_transform_tablet":"","ocean_menu_typo_transform_mobile":"","ocean_menu_typo_line_height":0,"ocean_menu_typo_line_height_tablet":0,"ocean_menu_typo_line_height_mobile":0,"ocean_menu_typo_line_height_unit":"","ocean_menu_typo_spacing":0,"ocean_menu_typo_spacing_tablet":0,"ocean_menu_typo_spacing_mobile":0,"ocean_menu_typo_spacing_unit":"","ocean_menu_link_color":"","ocean_menu_link_color_hover":"","ocean_menu_link_color_active":"","ocean_menu_link_background":"","ocean_menu_link_hover_background":"","ocean_menu_link_active_background":"","ocean_menu_social_links_bg":"","ocean_menu_social_hover_links_bg":"","ocean_menu_social_links_color":"","ocean_menu_social_hover_links_color":"","ocean_disable_title":"default","ocean_disable_heading":"default","ocean_post_title":"","ocean_post_subheading":"","ocean_post_title_style":"","ocean_post_title_background_color":"","ocean_post_title_background":0,"ocean_post_title_bg_image_position":"","ocean_post_title_bg_image_attachment":"","ocean_post_title_bg_image_repeat":"","ocean_post_title_bg_image_size":"","ocean_post_title_height":0,"ocean_post_title_bg_overlay":0.5,"ocean_post_title_bg_overlay_color":"","ocean_disable_breadcrumbs":"default","ocean_breadcrumbs_color":"","ocean_breadcrumbs_separator_color":"","ocean_breadcrumbs_links_color":"","ocean_breadcrumbs_links_hover_color":"","ocean_display_footer_widgets":"default","ocean_display_footer_bottom":"default","ocean_custom_footer_template":"","footnotes":""},"class_list":["post-30386","page","type-page","status-publish","hentry","entry","owp-thumbs-layout-horizontal","owp-btn-normal","owp-tabs-layout-horizontal","has-no-thumbnails","has-product-nav"],"_links":{"self":[{"href":"https:\/\/servicesrotoplus.com\/es\/wp-json\/wp\/v2\/pages\/30386","targetHints":{"allow":["GET"]}}],"collection":[{"href":"https:\/\/servicesrotoplus.com\/es\/wp-json\/wp\/v2\/pages"}],"about":[{"href":"https:\/\/servicesrotoplus.com\/es\/wp-json\/wp\/v2\/types\/page"}],"author":[{"embeddable":true,"href":"https:\/\/servicesrotoplus.com\/es\/wp-json\/wp\/v2\/users\/1"}],"replies":[{"embeddable":true,"href":"https:\/\/servicesrotoplus.com\/es\/wp-json\/wp\/v2\/comments?post=30386"}],"version-history":[{"count":9,"href":"https:\/\/servicesrotoplus.com\/es\/wp-json\/wp\/v2\/pages\/30386\/revisions"}],"predecessor-version":[{"id":34641,"href":"https:\/\/servicesrotoplus.com\/es\/wp-json\/wp\/v2\/pages\/30386\/revisions\/34641"}],"wp:attachment":[{"href":"https:\/\/servicesrotoplus.com\/es\/wp-json\/wp\/v2\/media?parent=30386"}],"curies":[{"name":"wp","href":"https:\/\/api.w.org\/{rel}","templated":true}]}}