{"id":30389,"date":"2017-02-16T09:16:27","date_gmt":"2017-02-16T08:16:27","guid":{"rendered":"https:\/\/servicesrotoplus.com\/nuestros-servicios\/"},"modified":"2024-11-21T12:27:45","modified_gmt":"2024-11-21T11:27:45","slug":"nuestros-servicios","status":"publish","type":"page","link":"https:\/\/servicesrotoplus.com\/es\/nuestros-servicios\/","title":{"rendered":"Nuestros servicios"},"content":{"rendered":"\t\t<div data-elementor-type=\"wp-page\" data-elementor-id=\"30389\" class=\"elementor elementor-30389 elementor-28640\">\n\t\t\t\t<div class=\"elementor-element elementor-element-6e931db7 e-flex e-con-boxed e-con e-parent\" data-id=\"6e931db7\" data-element_type=\"container\">\n\t\t\t\t\t<div class=\"e-con-inner\">\n\t\t\t\t<div class=\"elementor-element elementor-element-691c1b8b elementor-widget__width-inherit elementor-widget elementor-widget-heading\" data-id=\"691c1b8b\" data-element_type=\"widget\" data-widget_type=\"heading.default\">\n\t\t\t\t<div class=\"elementor-widget-container\">\n\t\t\t\t\t<h2 class=\"elementor-heading-title elementor-size-default\">ROTATABLY YOURS<\/h2>\t\t\t\t<\/div>\n\t\t\t\t<\/div>\n\t\t\t\t\t<\/div>\n\t\t\t\t<\/div>\n\t\t<div class=\"elementor-element elementor-element-2aa5c524 e-flex e-con-boxed e-con e-parent\" data-id=\"2aa5c524\" data-element_type=\"container\" data-settings=\"{&quot;background_background&quot;:&quot;classic&quot;}\">\n\t\t\t\t\t<div class=\"e-con-inner\">\n\t\t<div class=\"elementor-element elementor-element-56a22d4b e-con-full e-flex e-con e-child\" data-id=\"56a22d4b\" data-element_type=\"container\" data-settings=\"{&quot;background_background&quot;:&quot;classic&quot;}\">\n\t\t\t\t<\/div>\n\t\t<div class=\"elementor-element elementor-element-5c6a0b96 e-con-full e-flex e-con e-child\" data-id=\"5c6a0b96\" data-element_type=\"container\">\n\t\t\t\t<div class=\"elementor-element elementor-element-2350fe22 elementor-widget elementor-widget-heading\" data-id=\"2350fe22\" data-element_type=\"widget\" data-widget_type=\"heading.default\">\n\t\t\t\t<div class=\"elementor-widget-container\">\n\t\t\t\t\t<h2 class=\"elementor-heading-title elementor-size-default\"><b>Mantenimiento preventivo y correctivo<\/b><\/h2>\t\t\t\t<\/div>\n\t\t\t\t<\/div>\n\t\t\t\t<div class=\"elementor-element elementor-element-36b23abf elementor-widget__width-initial elementor-widget elementor-widget-text-editor\" data-id=\"36b23abf\" data-element_type=\"widget\" data-widget_type=\"text-editor.default\">\n\t\t\t\t<div class=\"elementor-widget-container\">\n\t\t\t\t\t\t\t\t\t<p>Services Roto Plus ofrece mantenimiento preventivo y correctivo para todo tipo de\u00a0<span style=\"font-size: 13px;\">equipos de impresi\u00f3n.<\/span><\/p><p>B\u00fasqueda y diagn\u00f3stico de aver\u00edas, ajustes, reparaciones, mantenimiento,\u00a0<span style=\"font-size: 13px;\">supervisi\u00f3n y revisi\u00f3n de prensas y unidades de impresi\u00f3n, electr\u00f3nica,\u00a0<\/span><span style=\"font-size: 13px;\">desmantelamiento y montaje de m\u00e1quinas.<\/span><\/p>\t\t\t\t\t\t\t\t<\/div>\n\t\t\t\t<\/div>\n\t\t\t\t<div class=\"elementor-element elementor-element-3f599868 elementor-widget-divider--view-line elementor-widget elementor-widget-divider\" data-id=\"3f599868\" data-element_type=\"widget\" data-widget_type=\"divider.default\">\n\t\t\t\t<div class=\"elementor-widget-container\">\n\t\t\t\t\t\t\t<div class=\"elementor-divider\">\n\t\t\t<span class=\"elementor-divider-separator\">\n\t\t\t\t\t\t<\/span>\n\t\t<\/div>\n\t\t\t\t\t\t<\/div>\n\t\t\t\t<\/div>\n\t\t\t\t<\/div>\n\t\t\t\t\t<\/div>\n\t\t\t\t<\/div>\n\t\t<div class=\"elementor-element elementor-element-17b5c229 e-flex e-con-boxed e-con e-parent\" data-id=\"17b5c229\" data-element_type=\"container\">\n\t\t\t\t\t<div class=\"e-con-inner\">\n\t\t<div class=\"elementor-element elementor-element-7a5bb4fe e-con-full e-flex e-con e-child\" data-id=\"7a5bb4fe\" data-element_type=\"container\">\n\t\t\t\t<div class=\"elementor-element elementor-element-623e5bb2 elementor-widget elementor-widget-heading\" data-id=\"623e5bb2\" data-element_type=\"widget\" data-widget_type=\"heading.default\">\n\t\t\t\t<div class=\"elementor-widget-container\">\n\t\t\t\t\t<h2 class=\"elementor-heading-title elementor-size-default\"><b>Venta, instalaci\u00f3n y traslado de maquinaria<\/b><\/h2>\t\t\t\t<\/div>\n\t\t\t\t<\/div>\n\t\t\t\t<div class=\"elementor-element elementor-element-66f708ea elementor-widget__width-initial elementor-widget elementor-widget-text-editor\" data-id=\"66f708ea\" data-element_type=\"widget\" data-widget_type=\"text-editor.default\">\n\t\t\t\t<div class=\"elementor-widget-container\">\n\t\t\t\t\t\t\t\t\t<p><span style=\"font-weight: 400;\">I<\/span>nspecci\u00f3n mec\u00e1nica, desconexi\u00f3n el\u00e9ctrica, desmontaje mec\u00e1nico,\u00a0<span style=\"font-size: 14px;\">localizaci\u00f3n, puesta en seguridad, elevaci\u00f3n y gr\u00faa, transporte, trazado y medici\u00f3n\u00a0<\/span><span style=\"font-size: 14px;\">de losas, reensamblaje de los elementos, primera impresi\u00f3n y puesta en producci\u00f3n.\u00a0<\/span><span style=\"font-size: 14px;\">Prestaciones\u00a0<\/span><span style=\"font-family: 'Open Sans Hebrew', sans-serif; font-size: 14px; font-style: normal; font-variant-ligatures: normal; font-variant-caps: normal;\">personalizadas bajo p<\/span><span style=\"font-size: 14px;\">resupuesto.<\/span><\/p>\t\t\t\t\t\t\t\t<\/div>\n\t\t\t\t<\/div>\n\t\t\t\t<div class=\"elementor-element elementor-element-69a4327a elementor-align-center elementor-widget elementor-widget-button\" data-id=\"69a4327a\" data-element_type=\"widget\" data-widget_type=\"button.default\">\n\t\t\t\t<div class=\"elementor-widget-container\">\n\t\t\t\t\t\t\t\t\t<div class=\"elementor-button-wrapper\">\n\t\t\t\t\t<a class=\"elementor-button elementor-button-link elementor-size-sm\" href=\"https:\/\/servicesrotoplus.com\/es\/ponte-en-contacto-con\/\">\n\t\t\t\t\t\t<span class=\"elementor-button-content-wrapper\">\n\t\t\t\t\t\t\t\t\t<span class=\"elementor-button-text\">SOLICITAR PRESUPUESTO<\/span>\n\t\t\t\t\t<\/span>\n\t\t\t\t\t<\/a>\n\t\t\t\t<\/div>\n\t\t\t\t\t\t\t\t<\/div>\n\t\t\t\t<\/div>\n\t\t\t\t<div class=\"elementor-element elementor-element-55385500 elementor-widget-divider--view-line elementor-widget elementor-widget-divider\" data-id=\"55385500\" data-element_type=\"widget\" data-widget_type=\"divider.default\">\n\t\t\t\t<div class=\"elementor-widget-container\">\n\t\t\t\t\t\t\t<div class=\"elementor-divider\">\n\t\t\t<span class=\"elementor-divider-separator\">\n\t\t\t\t\t\t<\/span>\n\t\t<\/div>\n\t\t\t\t\t\t<\/div>\n\t\t\t\t<\/div>\n\t\t\t\t<\/div>\n\t\t<div class=\"elementor-element elementor-element-466c1f24 e-con-full e-flex e-con e-child\" data-id=\"466c1f24\" data-element_type=\"container\" data-settings=\"{&quot;background_background&quot;:&quot;slideshow&quot;,&quot;background_slideshow_gallery&quot;:[{&quot;id&quot;:&quot;34428&quot;,&quot;url&quot;:&quot;https:\\\/\\\/servicesrotoplus.com\\\/wp-content\\\/uploads\\\/2024\\\/11\\\/demenagement-rotative-offset-entrepot.jpg&quot;},{&quot;id&quot;:&quot;34431&quot;,&quot;url&quot;:&quot;https:\\\/\\\/servicesrotoplus.com\\\/wp-content\\\/uploads\\\/2024\\\/11\\\/demenagement-rotative-offset-entrepot-2.jpg&quot;},{&quot;id&quot;:&quot;34434&quot;,&quot;url&quot;:&quot;https:\\\/\\\/servicesrotoplus.com\\\/wp-content\\\/uploads\\\/2024\\\/11\\\/demenagement-rotative-offset-camion.jpg&quot;},{&quot;id&quot;:&quot;34437&quot;,&quot;url&quot;:&quot;https:\\\/\\\/servicesrotoplus.com\\\/wp-content\\\/uploads\\\/2024\\\/11\\\/demenagement-rotative-offset-grue-1.jpg&quot;},{&quot;id&quot;:&quot;34440&quot;,&quot;url&quot;:&quot;https:\\\/\\\/servicesrotoplus.com\\\/wp-content\\\/uploads\\\/2024\\\/11\\\/demenagement-rotative-offset-grue-2.jpg&quot;}],&quot;background_slideshow_loop&quot;:&quot;yes&quot;,&quot;background_slideshow_slide_duration&quot;:5000,&quot;background_slideshow_slide_transition&quot;:&quot;fade&quot;,&quot;background_slideshow_transition_duration&quot;:500}\">\n\t\t\t\t<\/div>\n\t\t\t\t\t<\/div>\n\t\t\t\t<\/div>\n\t\t<div class=\"elementor-element elementor-element-789b509e e-flex e-con-boxed e-con e-parent\" data-id=\"789b509e\" data-element_type=\"container\">\n\t\t\t\t\t<div class=\"e-con-inner\">\n\t\t<div class=\"elementor-element elementor-element-4979286d e-con-full e-flex e-con e-child\" data-id=\"4979286d\" data-element_type=\"container\" data-settings=\"{&quot;background_background&quot;:&quot;classic&quot;}\">\n\t\t\t\t<\/div>\n\t\t<div class=\"elementor-element elementor-element-1a47d568 e-con-full e-flex e-con e-child\" data-id=\"1a47d568\" data-element_type=\"container\">\n\t\t\t\t<div class=\"elementor-element elementor-element-6e06389f elementor-widget elementor-widget-heading\" data-id=\"6e06389f\" data-element_type=\"widget\" data-widget_type=\"heading.default\">\n\t\t\t\t<div class=\"elementor-widget-container\">\n\t\t\t\t\t<h2 class=\"elementor-heading-title elementor-size-default\"><b>Venta de recambios y consumibles<\/b><\/h2>\t\t\t\t<\/div>\n\t\t\t\t<\/div>\n\t\t\t\t<div class=\"elementor-element elementor-element-19fba219 elementor-widget elementor-widget-text-editor\" data-id=\"19fba219\" data-element_type=\"widget\" data-widget_type=\"text-editor.default\">\n\t\t\t\t<div class=\"elementor-widget-container\">\n\t\t\t\t\t\t\t\t\t<div data-ux=\"GridCell\"><div data-ux=\"Grid\"><div data-ux=\"GridCell\"><div data-ux=\"ContentBasic\"><div data-ux=\"ContentText\" data-aid=\"ABOUT_DESCRIPTION_RENDERED2\" data-typography=\"BodyAlpha\"><div data-ux=\"ContentText\" data-aid=\"ABOUT_DESCRIPTION_RENDERED2\" data-typography=\"BodyAlpha\">Consumibles y no consumibles mec\u00e1nicos y electr\u00f3nicos para prensas y unidades\u00a0<span style=\"font-size: 13px;\">de impresi\u00f3n, as\u00ed como tarjetas electr\u00f3nicas, tintas y mantas de impresi\u00f3n TA-DAH\u00a0<\/span><span style=\"font-size: 13px;\">para Francia.\u00a0<\/span><\/div><div data-ux=\"ContentText\" data-aid=\"ABOUT_DESCRIPTION_RENDERED2\" data-typography=\"BodyAlpha\"><span style=\"font-size: 13px;\">Visita nuestro E-Shop o rellena nuestro formulario de solicitud de precios.<\/span><\/div><\/div><\/div><\/div><\/div><\/div>\t\t\t\t\t\t\t\t<\/div>\n\t\t\t\t<\/div>\n\t\t\t\t<div class=\"elementor-element elementor-element-14f6023d elementor-align-center elementor-widget elementor-widget-button\" data-id=\"14f6023d\" data-element_type=\"widget\" data-widget_type=\"button.default\">\n\t\t\t\t<div class=\"elementor-widget-container\">\n\t\t\t\t\t\t\t\t\t<div class=\"elementor-button-wrapper\">\n\t\t\t\t\t<a class=\"elementor-button elementor-button-link elementor-size-md\" href=\"https:\/\/servicesrotoplus.com\/es\/tienda-electronica\/\">\n\t\t\t\t\t\t<span class=\"elementor-button-content-wrapper\">\n\t\t\t\t\t\t\t\t\t<span class=\"elementor-button-text\">E-SHOP<\/span>\n\t\t\t\t\t<\/span>\n\t\t\t\t\t<\/a>\n\t\t\t\t<\/div>\n\t\t\t\t\t\t\t\t<\/div>\n\t\t\t\t<\/div>\n\t\t\t\t<div class=\"elementor-element elementor-element-7206a0c6 elementor-widget-divider--view-line elementor-widget elementor-widget-divider\" data-id=\"7206a0c6\" data-element_type=\"widget\" data-widget_type=\"divider.default\">\n\t\t\t\t<div class=\"elementor-widget-container\">\n\t\t\t\t\t\t\t<div class=\"elementor-divider\">\n\t\t\t<span class=\"elementor-divider-separator\">\n\t\t\t\t\t\t<\/span>\n\t\t<\/div>\n\t\t\t\t\t\t<\/div>\n\t\t\t\t<\/div>\n\t\t\t\t<\/div>\n\t\t\t\t\t<\/div>\n\t\t\t\t<\/div>\n\t\t<div class=\"elementor-element elementor-element-b568d1c e-flex e-con-boxed e-con e-parent\" data-id=\"b568d1c\" data-element_type=\"container\">\n\t\t\t\t\t<div class=\"e-con-inner\">\n\t\t<div class=\"elementor-element elementor-element-75cb4fed e-con-full e-flex e-con e-child\" data-id=\"75cb4fed\" data-element_type=\"container\">\n\t\t\t\t<div class=\"elementor-element elementor-element-67f4753a elementor-widget elementor-widget-heading\" data-id=\"67f4753a\" data-element_type=\"widget\" data-widget_type=\"heading.default\">\n\t\t\t\t<div class=\"elementor-widget-container\">\n\t\t\t\t\t<h2 class=\"elementor-heading-title elementor-size-default\"><b>Producci\u00f3n de m\u00e1quinas especiales<\/b><\/h2>\t\t\t\t<\/div>\n\t\t\t\t<\/div>\n\t\t\t\t<div class=\"elementor-element elementor-element-3ab6fa0b elementor-widget elementor-widget-text-editor\" data-id=\"3ab6fa0b\" data-element_type=\"widget\" data-widget_type=\"text-editor.default\">\n\t\t\t\t<div class=\"elementor-widget-container\">\n\t\t\t\t\t\t\t\t\t<div class=\"x-el x-el-div c1-1 c1-2 c1-6k c1-6u c1-6v c1-6w c1-z c1-2b c1-6x c1-6y c1-6z c1-b c1-c c1-70 c1-71 c1-72 c1-73 c1-d c1-e c1-f c1-g\" data-ux=\"GridCell\"><div class=\"x-el x-el-div c1-1 c1-2 c1-19 c1-6k c1-6l c1-6m c1-2h c1-6n c1-t c1-6p c1-1f c1-b c1-c c1-6q c1-6r c1-u c1-6t c1-d c1-e c1-f c1-g\" data-ux=\"Grid\"><div class=\"x-el x-el-div c1-1 c1-2 c1-6k c1-6u c1-6v c1-6w c1-z c1-2b c1-6x c1-2d c1-6z c1-19 c1-1d c1-1b c1-b c1-c c1-75 c1-76 c1-70 c1-71 c1-77 c1-73 c1-d c1-e c1-f c1-g\" data-ux=\"GridCell\"><div id=\"725a7f4b-f0fd-4005-bb71-ba7677c71bb7\" class=\"x-el x-el-div x-el c1-1 c1-2 c1-19 c1-5h c1-4 c1-7f c1-1b c1-1g c1-7g c1-7h c1-b c1-c c1-7i c1-7j c1-d c1-e c1-f c1-g c1-1 c1-2 c1-b c1-c c1-d c1-e c1-f c1-g\" data-ux=\"ContentBasic\"><div class=\"x-el c1-1 c1-2 c1-1y c1-1z c1-4x c1-2h c1-t c1-7m c1-7n c1-7o c1-7p c1-7q c1-7r c1-7s c1-7t c1-7u c1-7v c1-7w c1-7x c1-7y c1-7z c1-80 c1-81 c1-82 c1-83 c1-84 c1-85 c1-86 c1-87 c1-88 c1-89 c1-8a c1-8b c1-8c c1-8d c1-6u c1-b c1-4s c1-c c1-40 c1-8e c1-8f c1-8g c1-d c1-e c1-f c1-g x-rt\" data-ux=\"ContentText\" data-aid=\"ABOUT_DESCRIPTION_RENDERED2\" data-typography=\"BodyAlpha\"><p>Dise\u00f1amos y fabricamos sus m\u00e1quinas especiales a medida (estudio t\u00e9cnico, c\u00e1lculo\u00a0<span style=\"font-size: 14px;\">de costes, producci\u00f3n).<\/span><\/p><p><span style=\"font-size: 14px;\">Contacta con nosotros para m\u00e1s informaci\u00f3n.<\/span><\/p><\/div><\/div><\/div><\/div><\/div>\t\t\t\t\t\t\t\t<\/div>\n\t\t\t\t<\/div>\n\t\t\t\t<div class=\"elementor-element elementor-element-289c802d elementor-align-center elementor-widget elementor-widget-button\" data-id=\"289c802d\" data-element_type=\"widget\" data-widget_type=\"button.default\">\n\t\t\t\t<div class=\"elementor-widget-container\">\n\t\t\t\t\t\t\t\t\t<div class=\"elementor-button-wrapper\">\n\t\t\t\t\t<a class=\"elementor-button elementor-button-link elementor-size-md\" href=\"https:\/\/servicesrotoplus.com\/es\/ponte-en-contacto-con\/\">\n\t\t\t\t\t\t<span class=\"elementor-button-content-wrapper\">\n\t\t\t\t\t\t\t\t\t<span class=\"elementor-button-text\">CONTACTO<\/span>\n\t\t\t\t\t<\/span>\n\t\t\t\t\t<\/a>\n\t\t\t\t<\/div>\n\t\t\t\t\t\t\t\t<\/div>\n\t\t\t\t<\/div>\n\t\t\t\t<div class=\"elementor-element elementor-element-28383adc elementor-widget-divider--view-line elementor-widget elementor-widget-divider\" data-id=\"28383adc\" data-element_type=\"widget\" data-widget_type=\"divider.default\">\n\t\t\t\t<div class=\"elementor-widget-container\">\n\t\t\t\t\t\t\t<div class=\"elementor-divider\">\n\t\t\t<span class=\"elementor-divider-separator\">\n\t\t\t\t\t\t<\/span>\n\t\t<\/div>\n\t\t\t\t\t\t<\/div>\n\t\t\t\t<\/div>\n\t\t\t\t<\/div>\n\t\t<div class=\"elementor-element elementor-element-3f6a852d e-con-full e-flex e-con e-child\" data-id=\"3f6a852d\" data-element_type=\"container\">\n\t\t\t\t<div class=\"elementor-element elementor-element-31d9fc49 elementor-widget elementor-widget-video\" data-id=\"31d9fc49\" data-element_type=\"widget\" data-settings=\"{&quot;video_type&quot;:&quot;vimeo&quot;}\" data-widget_type=\"video.default\">\n\t\t\t\t<div class=\"elementor-widget-container\">\n\t\t\t\t\t\t\t<div class=\"elementor-wrapper elementor-open-inline\">\n\t\t\t<iframe class=\"elementor-video-iframe\" allowfullscreen allow=\"clipboard-write\" title=\"Reproductor de v\u00eddeo vimeo\" src=\"https:\/\/player.vimeo.com\/video\/739358526?color&amp;autopause=0&amp;loop=0&amp;muted=0&amp;title=0&amp;portrait=0&amp;byline=1&amp;h=61df78e061#t=\"><\/iframe>\t\t<\/div>\n\t\t\t\t\t\t<\/div>\n\t\t\t\t<\/div>\n\t\t\t\t<\/div>\n\t\t\t\t\t<\/div>\n\t\t\t\t<\/div>\n\t\t<div class=\"elementor-element elementor-element-654bc818 e-flex e-con-boxed e-con e-parent\" data-id=\"654bc818\" data-element_type=\"container\" data-settings=\"{&quot;background_background&quot;:&quot;classic&quot;}\">\n\t\t\t\t\t<div class=\"e-con-inner\">\n\t\t<div class=\"elementor-element elementor-element-1628d02a e-con-full e-flex e-con e-child\" data-id=\"1628d02a\" data-element_type=\"container\">\n\t\t\t\t<div class=\"elementor-element elementor-element-3ff65c96 elementor-widget elementor-widget-video\" data-id=\"3ff65c96\" data-element_type=\"widget\" data-settings=\"{&quot;video_type&quot;:&quot;hosted&quot;,&quot;controls&quot;:&quot;yes&quot;}\" data-widget_type=\"video.default\">\n\t\t\t\t<div class=\"elementor-widget-container\">\n\t\t\t\t\t\t\t<div class=\"e-hosted-video elementor-wrapper elementor-open-inline\">\n\t\t\t\t\t<video class=\"elementor-video\" src=\"https:\/\/servicesrotoplus.com\/wp-content\/uploads\/2024\/11\/IE_ROTOPLUS_V1-web.mp4\" controls=\"\" preload=\"metadata\" controlsList=\"nodownload\" poster=\"https:\/\/servicesrotoplus.com\/wp-content\/uploads\/2024\/11\/Interview-Thomas-Da-Silva-Services-Roto-Plus-Le-Figaro.png\"><\/video>\n\t\t\t\t<\/div>\n\t\t\t\t\t\t<\/div>\n\t\t\t\t<\/div>\n\t\t\t\t<\/div>\n\t\t<div class=\"elementor-element elementor-element-73db831f e-con-full e-flex e-con e-child\" data-id=\"73db831f\" data-element_type=\"container\" data-settings=\"{&quot;background_background&quot;:&quot;classic&quot;}\">\n\t\t\t\t<div class=\"elementor-element elementor-element-141b0a43 elementor-widget elementor-widget-heading\" data-id=\"141b0a43\" data-element_type=\"widget\" data-widget_type=\"heading.default\">\n\t\t\t\t<div class=\"elementor-widget-container\">\n\t\t\t\t\t<h2 class=\"elementor-heading-title elementor-size-default\"><b>Apoyo y asesoramiento<\/b><\/h2>\t\t\t\t<\/div>\n\t\t\t\t<\/div>\n\t\t\t\t<div class=\"elementor-element elementor-element-397c07ee elementor-widget elementor-widget-text-editor\" data-id=\"397c07ee\" data-element_type=\"widget\" data-widget_type=\"text-editor.default\">\n\t\t\t\t<div class=\"elementor-widget-container\">\n\t\t\t\t\t\t\t\t\t<div data-ux=\"GridCell\">\n<div data-ux=\"Grid\">\n<div data-ux=\"GridCell\">\n<div data-ux=\"ContentBasic\">\n<div data-ux=\"ContentText\" data-aid=\"ABOUT_DESCRIPTION_RENDERED2\" data-typography=\"BodyAlpha\">\n<p>\u00abLos equipos de Services Roto Plus, formados por expertos, electromec\u00e1nicos,&nbsp;<span style=\"font-size: 14px;\">ingenieros y mec\u00e1nicos, todos ellos formados por un gran fabricante, llevan d\u00e9cadas&nbsp;<\/span><span style=\"font-size: 14px;\">en contacto con las m\u00e1quinas y conocen al dedillo sus mecanismos y problemas.&nbsp;<br><\/span><span style=\"font-size: 14px;\">Desde el mec\u00e1nico experto en plegado hasta el experto en impresi\u00f3n, pasando por&nbsp;<\/span><span style=\"font-size: 14px;\">el coordinador de piezas de recambio, todos est\u00e1n equipados para ofrecer a los&nbsp;<\/span><span style=\"font-size: 14px;\">clientes una experiencia profunda y un asesoramiento s\u00f3lido\u00bb.<\/span><\/p>\n<\/div>\n<\/div>\n<\/div>\n<\/div>\n<\/div>\t\t\t\t\t\t\t\t<\/div>\n\t\t\t\t<\/div>\n\t\t\t\t<div class=\"elementor-element elementor-element-57402e99 elementor-align-center elementor-widget elementor-widget-button\" data-id=\"57402e99\" data-element_type=\"widget\" data-widget_type=\"button.default\">\n\t\t\t\t<div class=\"elementor-widget-container\">\n\t\t\t\t\t\t\t\t\t<div class=\"elementor-button-wrapper\">\n\t\t\t\t\t<a class=\"elementor-button elementor-button-link elementor-size-md\" href=\"https:\/\/www.lefigaro.fr\/economie\/services-roto-plus-accompagner-et-conseiller-les-clients-a-rester-competitifs-20231129\">\n\t\t\t\t\t\t<span class=\"elementor-button-content-wrapper\">\n\t\t\t\t\t\t\t\t\t<span class=\"elementor-button-text\">LA ENTREVISTA DE FIGARO<\/span>\n\t\t\t\t\t<\/span>\n\t\t\t\t\t<\/a>\n\t\t\t\t<\/div>\n\t\t\t\t\t\t\t\t<\/div>\n\t\t\t\t<\/div>\n\t\t\t\t<div class=\"elementor-element elementor-element-277338c0 elementor-widget-divider--view-line elementor-widget elementor-widget-divider\" data-id=\"277338c0\" data-element_type=\"widget\" data-widget_type=\"divider.default\">\n\t\t\t\t<div class=\"elementor-widget-container\">\n\t\t\t\t\t\t\t<div class=\"elementor-divider\">\n\t\t\t<span class=\"elementor-divider-separator\">\n\t\t\t\t\t\t<\/span>\n\t\t<\/div>\n\t\t\t\t\t\t<\/div>\n\t\t\t\t<\/div>\n\t\t\t\t<\/div>\n\t\t\t\t\t<\/div>\n\t\t\t\t<\/div>\n\t\t\t\t<\/div>\n\t\t","protected":false},"excerpt":{"rendered":"<p>ROTATABLY YOURS Mantenimiento preventivo y correctivo Services Roto Plus ofrece mantenimiento preventivo y correctivo para todo tipo de\u00a0equipos de impresi\u00f3n. B\u00fasqueda y diagn\u00f3stico de aver\u00edas, ajustes, reparaciones, mantenimiento,\u00a0supervisi\u00f3n y revisi\u00f3n de prensas y unidades de impresi\u00f3n, electr\u00f3nica,\u00a0desmantelamiento y montaje de m\u00e1quinas. Venta, instalaci\u00f3n y traslado de maquinaria Inspecci\u00f3n mec\u00e1nica, desconexi\u00f3n el\u00e9ctrica, desmontaje mec\u00e1nico,\u00a0localizaci\u00f3n, puesta en [&hellip;]<\/p>\n","protected":false},"author":2,"featured_media":0,"parent":0,"menu_order":0,"comment_status":"closed","ping_status":"closed","template":"","meta":{"ocean_post_layout":"","ocean_both_sidebars_style":"","ocean_both_sidebars_content_width":0,"ocean_both_sidebars_sidebars_width":0,"ocean_sidebar":"","ocean_second_sidebar":"","ocean_disable_margins":"enable","ocean_add_body_class":"","ocean_shortcode_before_top_bar":"","ocean_shortcode_after_top_bar":"","ocean_shortcode_before_header":"","ocean_shortcode_after_header":"","ocean_has_shortcode":"","ocean_shortcode_after_title":"","ocean_shortcode_before_footer_widgets":"","ocean_shortcode_after_footer_widgets":"","ocean_shortcode_before_footer_bottom":"","ocean_shortcode_after_footer_bottom":"","ocean_display_top_bar":"default","ocean_display_header":"default","ocean_header_style":"","ocean_center_header_left_menu":"","ocean_custom_header_template":"","ocean_custom_logo":0,"ocean_custom_retina_logo":0,"ocean_custom_logo_max_width":0,"ocean_custom_logo_tablet_max_width":0,"ocean_custom_logo_mobile_max_width":0,"ocean_custom_logo_max_height":0,"ocean_custom_logo_tablet_max_height":0,"ocean_custom_logo_mobile_max_height":0,"ocean_header_custom_menu":"","ocean_menu_typo_font_family":"","ocean_menu_typo_font_subset":"","ocean_menu_typo_font_size":0,"ocean_menu_typo_font_size_tablet":0,"ocean_menu_typo_font_size_mobile":0,"ocean_menu_typo_font_size_unit":"px","ocean_menu_typo_font_weight":"","ocean_menu_typo_font_weight_tablet":"","ocean_menu_typo_font_weight_mobile":"","ocean_menu_typo_transform":"","ocean_menu_typo_transform_tablet":"","ocean_menu_typo_transform_mobile":"","ocean_menu_typo_line_height":0,"ocean_menu_typo_line_height_tablet":0,"ocean_menu_typo_line_height_mobile":0,"ocean_menu_typo_line_height_unit":"","ocean_menu_typo_spacing":0,"ocean_menu_typo_spacing_tablet":0,"ocean_menu_typo_spacing_mobile":0,"ocean_menu_typo_spacing_unit":"","ocean_menu_link_color":"","ocean_menu_link_color_hover":"","ocean_menu_link_color_active":"","ocean_menu_link_background":"","ocean_menu_link_hover_background":"","ocean_menu_link_active_background":"","ocean_menu_social_links_bg":"","ocean_menu_social_hover_links_bg":"","ocean_menu_social_links_color":"","ocean_menu_social_hover_links_color":"","ocean_disable_title":"default","ocean_disable_heading":"default","ocean_post_title":"","ocean_post_subheading":"","ocean_post_title_style":"","ocean_post_title_background_color":"","ocean_post_title_background":0,"ocean_post_title_bg_image_position":"","ocean_post_title_bg_image_attachment":"","ocean_post_title_bg_image_repeat":"","ocean_post_title_bg_image_size":"","ocean_post_title_height":0,"ocean_post_title_bg_overlay":0.5,"ocean_post_title_bg_overlay_color":"","ocean_disable_breadcrumbs":"default","ocean_breadcrumbs_color":"","ocean_breadcrumbs_separator_color":"","ocean_breadcrumbs_links_color":"","ocean_breadcrumbs_links_hover_color":"","ocean_display_footer_widgets":"default","ocean_display_footer_bottom":"default","ocean_custom_footer_template":"","footnotes":""},"class_list":["post-30389","page","type-page","status-publish","hentry","entry","owp-thumbs-layout-horizontal","owp-btn-normal","owp-tabs-layout-horizontal","has-no-thumbnails","has-product-nav"],"_links":{"self":[{"href":"https:\/\/servicesrotoplus.com\/es\/wp-json\/wp\/v2\/pages\/30389","targetHints":{"allow":["GET"]}}],"collection":[{"href":"https:\/\/servicesrotoplus.com\/es\/wp-json\/wp\/v2\/pages"}],"about":[{"href":"https:\/\/servicesrotoplus.com\/es\/wp-json\/wp\/v2\/types\/page"}],"author":[{"embeddable":true,"href":"https:\/\/servicesrotoplus.com\/es\/wp-json\/wp\/v2\/users\/2"}],"replies":[{"embeddable":true,"href":"https:\/\/servicesrotoplus.com\/es\/wp-json\/wp\/v2\/comments?post=30389"}],"version-history":[{"count":14,"href":"https:\/\/servicesrotoplus.com\/es\/wp-json\/wp\/v2\/pages\/30389\/revisions"}],"predecessor-version":[{"id":34619,"href":"https:\/\/servicesrotoplus.com\/es\/wp-json\/wp\/v2\/pages\/30389\/revisions\/34619"}],"wp:attachment":[{"href":"https:\/\/servicesrotoplus.com\/es\/wp-json\/wp\/v2\/media?parent=30389"}],"curies":[{"name":"wp","href":"https:\/\/api.w.org\/{rel}","templated":true}]}}